{"id":1236,"date":"2025-05-07T15:40:58","date_gmt":"2025-05-07T12:40:58","guid":{"rendered":"https:\/\/cornflowerblue-otter-891186.hostingersite.com\/vieta\/"},"modified":"2025-09-18T18:39:27","modified_gmt":"2025-09-18T15:39:27","slug":"vieta","status":"publish","type":"page","link":"https:\/\/domusmaria.com\/lt\/vieta\/","title":{"rendered":"VIETA"},"content":{"rendered":"\t\t<div data-elementor-type=\"wp-page\" data-elementor-id=\"1236\" class=\"elementor elementor-1236 elementor-1193\" data-elementor-post-type=\"page\">\n\t\t\t\t<div class=\"elementor-element elementor-element-9b5f3ab e-flex e-con-boxed e-con e-parent\" data-id=\"9b5f3ab\" data-element_type=\"container\">\n\t\t\t\t\t<div class=\"e-con-inner\">\n\t\t<div class=\"elementor-element elementor-element-3015685 e-con-full e-flex e-con e-child\" data-id=\"3015685\" data-element_type=\"container\">\n\t\t\t\t<div class=\"elementor-element elementor-element-f2c7769 elementor-widget elementor-widget-heading\" data-id=\"f2c7769\" data-element_type=\"widget\" data-widget_type=\"heading.default\">\n\t\t\t\t\t<h1 class=\"elementor-heading-title elementor-size-default\">VIETA<\/h1>\t\t\t\t<\/div>\n\t\t\t\t<\/div>\n\t\t\t\t<div class=\"elementor-element elementor-element-1cd30cb elementor-widget elementor-widget-text-editor\" data-id=\"1cd30cb\" data-element_type=\"widget\" data-widget_type=\"text-editor.default\">\n\t\t\t\t\t\t\t\t\t<p>Vie\u0161butis DOMUS MARIA yra Vilniaus senamiestyje tame pa\u010diame architekt\u016briniame ansamblyje su Au\u0161ros Vartais ir \u0161v. Teres\u0117s ba\u017eny\u010dia, XVII a. baroko architekt\u016bros \u0161edevru. Mus supa daug kit\u0173 pilgrimyst\u0117s ir kult\u016brinio turizmo viet\u0173 \u2013 \u0161v. Dvasios ortodoks\u0173 cerkv\u0117 ir vienuolynas, \u0161v. Trejyb\u0117s unit\u0173 ba\u017eny\u010dia ir vienuolynas, rotu\u0161\u0117, nacionalin\u0117 filharmonija ir kt.<\/p>\t\t\t\t\t\t\t\t<\/div>\n\t\t<div class=\"elementor-element elementor-element-ed79c08 e-con-full e-flex e-con e-child\" data-id=\"ed79c08\" data-element_type=\"container\">\n\t\t\t\t<div class=\"elementor-element elementor-element-13e3018 elementor-widget elementor-widget-google_maps\" data-id=\"13e3018\" data-element_type=\"widget\" data-widget_type=\"google_maps.default\">\n\t\t\t\t\t\t\t<div class=\"elementor-custom-embed\">\n\t\t\t<iframe loading=\"lazy\"\n\t\t\t\t\tsrc=\"https:\/\/maps.google.com\/maps?q=%20%20Domus%20Maria&#038;t=m&#038;z=17&#038;output=embed&#038;iwloc=near\"\n\t\t\t\t\ttitle=\"  Domus Maria\"\n\t\t\t\t\taria-label=\"  Domus Maria\"\n\t\t\t><\/iframe>\n\t\t<\/div>\n\t\t\t\t\t\t<\/div>\n\t\t\t\t<\/div>\n\t\t\t\t\t<\/div>\n\t\t\t\t<\/div>\n\t\t<div class=\"elementor-element elementor-element-504d96f e-flex e-con-boxed e-con e-parent\" data-id=\"504d96f\" data-element_type=\"container\">\n\t\t\t\t\t<div class=\"e-con-inner\">\n\t\t<div class=\"elementor-element elementor-element-b75d327 e-con-full e-flex e-con e-child\" data-id=\"b75d327\" data-element_type=\"container\">\n\t\t\t\t<div class=\"elementor-element elementor-element-431c0fd elementor-widget elementor-widget-heading\" data-id=\"431c0fd\" data-element_type=\"widget\" data-widget_type=\"heading.default\">\n\t\t\t\t\t<h3 class=\"elementor-heading-title elementor-size-default\">Kaip atvykti<\/h3>\t\t\t\t<\/div>\n\t\t\t\t<div class=\"elementor-element elementor-element-6dc2a9c elementor-widget elementor-widget-text-editor\" data-id=\"6dc2a9c\" data-element_type=\"widget\" data-widget_type=\"text-editor.default\">\n\t\t\t\t\t\t\t\t\t<p>Vie\u0161butis DOMUS MARIA yra Au\u0161ros Vart\u0173 gatv\u0117je, kuri\u0105 skiria istorin\u0117 gynybin\u0117 miesto siena ir tik piestiesiems skirti Au\u0161ros Vartai.<\/p><p>Atvykti automobiliu \u012f vie\u0161but\u012f DOMUS MARIA pra\u0161ome va\u017eiuoti Suba\u010diaus gatve ir sukti kair\u0117n \u012f Au\u0161ros Vart\u0173 gatv\u0119 arba va\u017eiuoti Arkli\u0173 gatve ir sukti de\u0161in\u0117n \u012f Etmon\u0173 g., tada\u2014v\u0117l de\u0161in\u0117n, \u012f Au\u0161ros Vart\u0173 gatv\u0119 (\u017ei\u016br\u0117kite violetin\u0119 zon\u0105 kilpinio eismo \u017eem\u0117lapyje)<\/p><ul><li>900 metr\u0173 nuo Vilniaus gele\u017einkelio stoties ir autobus\u0173 stoties<\/li><li>Apie 15 minu\u010di\u0173 automobiliu arba autobusu Nr.88\u00a0nuo Vilniaus tarptautinio oro uosto\u00a0(autobuso stotel\u0117 \u201eAu\u0161ros Vartai\u201c)<\/li><\/ul><h6>GPS koordinat\u0117s: platuma 54.674821 | ilguma 25.290341<\/h6>\t\t\t\t\t\t\t\t<\/div>\n\t\t\t\t<div class=\"elementor-element elementor-element-296c2fa elementor-widget-divider--view-line elementor-widget elementor-widget-divider\" data-id=\"296c2fa\" data-element_type=\"widget\" data-widget_type=\"divider.default\">\n\t\t\t\t\t\t\t<div class=\"elementor-divider\">\n\t\t\t<span class=\"elementor-divider-separator\">\n\t\t\t\t\t\t<\/span>\n\t\t<\/div>\n\t\t\t\t\t\t<\/div>\n\t\t<div class=\"elementor-element elementor-element-4fc684f e-con-full e-flex e-con e-child\" data-id=\"4fc684f\" data-element_type=\"container\" id=\"contacts\">\n\t\t\t\t<div class=\"elementor-element elementor-element-c7e43af elementor-widget elementor-widget-heading\" data-id=\"c7e43af\" data-element_type=\"widget\" data-widget_type=\"heading.default\">\n\t\t\t\t\t<h3 class=\"elementor-heading-title elementor-size-default\">KONTAKTAI<\/h3>\t\t\t\t<\/div>\n\t\t\t\t<div class=\"elementor-element elementor-element-7e6ad4e elementor-icon-list--layout-traditional elementor-list-item-link-full_width elementor-widget elementor-widget-icon-list\" data-id=\"7e6ad4e\" data-element_type=\"widget\" data-widget_type=\"icon-list.default\">\n\t\t\t\t\t\t\t<ul class=\"elementor-icon-list-items\">\n\t\t\t\t\t\t\t<li class=\"elementor-icon-list-item\">\n\t\t\t\t\t\t\t\t\t\t\t<span class=\"elementor-icon-list-icon\">\n\t\t\t\t\t\t\t<i aria-hidden=\"true\" class=\"fas fa-map-marker-alt\"><\/i>\t\t\t\t\t\t<\/span>\n\t\t\t\t\t\t\t\t\t\t<span class=\"elementor-icon-list-text\">Au\u0161ros Vart\u0173 g. 12 01303 Vilnius, Lietuva <\/span>\n\t\t\t\t\t\t\t\t\t<\/li>\n\t\t\t\t\t\t<\/ul>\n\t\t\t\t\t\t<\/div>\n\t\t\t\t<div class=\"elementor-element elementor-element-dbe40c0 elementor-widget elementor-widget-text-editor\" data-id=\"dbe40c0\" data-element_type=\"widget\" data-widget_type=\"text-editor.default\">\n\t\t\t\t\t\t\t\t\t<p><span lang=\"EN\">Registrat\u016bra ir kambari\u0173 rezervavimas<br><\/span><a href=\"tel:+37052644880\">+370 5 2644880<br><\/a><a href=\"mailto:info@domusmaria.com\">info@domusmaria.com<\/a><\/p><p><span lang=\"EN\">Sali\u0173 rezervavimas, renginiai<br><\/span><a href=\"tel:+37061430849\">+370 614 30849<br><\/a><a href=\"mailto:events@domusmaria.com\">events@domusmaria.com<\/a><\/p>\t\t\t\t\t\t\t\t<\/div>\n\t\t\t\t<\/div>\n\t\t\t\t<\/div>\n\t\t<div class=\"elementor-element elementor-element-4434626 e-con-full e-flex e-con e-child\" data-id=\"4434626\" data-element_type=\"container\">\n\t\t\t\t<div class=\"elementor-element elementor-element-a5f5b74 elementor-widget elementor-widget-image\" data-id=\"a5f5b74\" data-element_type=\"widget\" data-widget_type=\"image.default\">\n\t\t\t\t\t\t\t\t\t\t\t\t\t\t\t\t<a href=\"https:\/\/cornflowerblue-otter-891186.hostingersite.com\/wp-content\/uploads\/2025\/05\/loop-traffic-scheme-1.jpg\" data-elementor-open-lightbox=\"yes\" data-e-action-hash=\"#elementor-action%3Aaction%3Dlightbox%26settings%3DeyJpZCI6MTIwNCwidXJsIjoiaHR0cHM6XC9cL2RvbXVzbWFyaWEuY29tXC93cC1jb250ZW50XC91cGxvYWRzXC8yMDI1XC8wNVwvbG9vcC10cmFmZmljLXNjaGVtZS0xLmpwZyJ9\">\n\t\t\t\t\t\t\t<img fetchpriority=\"high\" decoding=\"async\" width=\"910\" height=\"1276\" src=\"https:\/\/domusmaria.com\/wp-content\/uploads\/2025\/05\/loop-traffic-scheme-1.jpg\" class=\"attachment-full size-full wp-image-1204\" alt=\"\" srcset=\"https:\/\/domusmaria.com\/wp-content\/uploads\/2025\/05\/loop-traffic-scheme-1.jpg 910w, https:\/\/domusmaria.com\/wp-content\/uploads\/2025\/05\/loop-traffic-scheme-1-214x300.jpg 214w, https:\/\/domusmaria.com\/wp-content\/uploads\/2025\/05\/loop-traffic-scheme-1-730x1024.jpg 730w, https:\/\/domusmaria.com\/wp-content\/uploads\/2025\/05\/loop-traffic-scheme-1-768x1077.jpg 768w\" sizes=\"(max-width: 910px) 100vw, 910px\" \/>\t\t\t\t\t\t\t\t<\/a>\n\t\t\t\t\t\t\t\t\t\t\t\t\t\t\t<\/div>\n\t\t\t\t<\/div>\n\t\t\t\t\t<\/div>\n\t\t\t\t<\/div>\n\t\t\t\t<\/div>\n\t\t","protected":false},"excerpt":{"rendered":"<p>VIETA Vie\u0161butis DOMUS MARIA yra Vilniaus senamiestyje tame pa\u010diame architekt\u016briniame ansamblyje su Au\u0161ros Vartais ir \u0161v. Teres\u0117s ba\u017eny\u010dia, XVII a. [&hellip;]<\/p>\n","protected":false},"author":1,"featured_media":0,"parent":0,"menu_order":0,"comment_status":"closed","ping_status":"closed","template":"","meta":{"site-sidebar-layout":"no-sidebar","site-content-layout":"","ast-site-content-layout":"full-width-container","site-content-style":"default","site-sidebar-style":"default","ast-global-header-display":"","ast-banner-title-visibility":"","ast-main-header-display":"","ast-hfb-above-header-display":"","ast-hfb-below-header-display":"","ast-hfb-mobile-header-display":"","site-post-title":"disabled","ast-breadcrumbs-content":"","ast-featured-img":"disabled","footer-sml-layout":"","theme-transparent-header-meta":"default","adv-header-id-meta":"","stick-header-meta":"","header-above-stick-meta":"","header-main-stick-meta":"","header-below-stick-meta":"","astra-migrate-meta-layouts":"default","ast-page-background-enabled":"default","ast-page-background-meta":{"desktop":{"background-color":"var(--ast-global-color-5)","background-image":"","background-repeat":"repeat","background-position":"center center","background-size":"auto","background-attachment":"scroll","background-type":"","background-media":"","overlay-type":"","overlay-color":"","overlay-opacity":"","overlay-gradient":""},"tablet":{"background-color":"","background-image":"","background-repeat":"repeat","background-position":"center center","background-size":"auto","background-attachment":"scroll","background-type":"","background-media":"","overlay-type":"","overlay-color":"","overlay-opacity":"","overlay-gradient":""},"mobile":{"background-color":"","background-image":"","background-repeat":"repeat","background-position":"center center","background-size":"auto","background-attachment":"scroll","background-type":"","background-media":"","overlay-type":"","overlay-color":"","overlay-opacity":"","overlay-gradient":""}},"ast-content-background-meta":{"desktop":{"background-color":"var(--ast-global-color-4)","background-image":"","background-repeat":"repeat","background-position":"center center","background-size":"auto","background-attachment":"scroll","background-type":"","background-media":"","overlay-type":"","overlay-color":"","overlay-opacity":"","overlay-gradient":""},"tablet":{"background-color":"var(--ast-global-color-4)","background-image":"","background-repeat":"repeat","background-position":"center center","background-size":"auto","background-attachment":"scroll","background-type":"","background-media":"","overlay-type":"","overlay-color":"","overlay-opacity":"","overlay-gradient":""},"mobile":{"background-color":"var(--ast-global-color-4)","background-image":"","background-repeat":"repeat","background-position":"center center","background-size":"auto","background-attachment":"scroll","background-type":"","background-media":"","overlay-type":"","overlay-color":"","overlay-opacity":"","overlay-gradient":""}},"footnotes":""},"class_list":["post-1236","page","type-page","status-publish","hentry"],"_links":{"self":[{"href":"https:\/\/domusmaria.com\/lt\/wp-json\/wp\/v2\/pages\/1236","targetHints":{"allow":["GET"]}}],"collection":[{"href":"https:\/\/domusmaria.com\/lt\/wp-json\/wp\/v2\/pages"}],"about":[{"href":"https:\/\/domusmaria.com\/lt\/wp-json\/wp\/v2\/types\/page"}],"author":[{"embeddable":true,"href":"https:\/\/domusmaria.com\/lt\/wp-json\/wp\/v2\/users\/1"}],"replies":[{"embeddable":true,"href":"https:\/\/domusmaria.com\/lt\/wp-json\/wp\/v2\/comments?post=1236"}],"version-history":[{"count":3,"href":"https:\/\/domusmaria.com\/lt\/wp-json\/wp\/v2\/pages\/1236\/revisions"}],"predecessor-version":[{"id":1939,"href":"https:\/\/domusmaria.com\/lt\/wp-json\/wp\/v2\/pages\/1236\/revisions\/1939"}],"wp:attachment":[{"href":"https:\/\/domusmaria.com\/lt\/wp-json\/wp\/v2\/media?parent=1236"}],"curies":[{"name":"wp","href":"https:\/\/api.w.org\/{rel}","templated":true}]}}